{"id":377,"date":"2016-08-05T18:06:45","date_gmt":"2016-08-05T15:06:45","guid":{"rendered":"http:\/\/www.asistoto.com.tr\/?page_id=377"},"modified":"2018-03-24T23:34:38","modified_gmt":"2018-03-24T20:34:38","slug":"bayiler","status":"publish","type":"page","link":"https:\/\/www.asistoto.com.tr\/fr\/bayiler\/","title":{"rendered":"Concessionnaires"},"content":{"rendered":"<div class=\"category_div\" id=\"category_div\">Please Select a City:<br \/>\n            <select name=\"category\" class=\"required-entry\" id=\"category\" onchange=\"javascript: dynamicdropdown(this.options[this.selectedIndex].value);\"><option value=\"\">Please Select a City<\/option><option value=\"Adana\">ADANA<\/option><option value=\"Ankara\">ANKARA<\/option><option value=\"Antalya\">ANTALYA<\/option><option value=\"Balikesir\">BALIKES\u0130R<\/option><option value=\"Bursa\">BURSA<\/option><option value=\"Denizli\">DEN\u0130ZL\u0130<\/option><option value=\"Gaziantep\">GAZ\u0130ANTEP<\/option><option value=\"Hatay\">HATAY<\/option><option value=\"Istanbulan\">\u0130STANBUL ANADOLU<\/option><option value=\"Istanbulav\">\u0130STANBUL AVRUPA<\/option><option value=\"Izmir\">\u0130ZM\u0130R<\/option><option value=\"Kayseri\">KAYSER\u0130<\/option><option value=\"Konya\">KONYA<\/option><option value=\"Mersin\">MERS\u0130N<\/option><option value=\"Tekirdag\">TEK\u0130RDA\u011e<\/option><\/select>\n        <\/div>\n<div class=\"sub_category_div\" id=\"sub_category_div\">Please Select a Dealer:<br \/>\n            <script type=\"text\/javascript\" language=\"JavaScript\">\n                document.write('<select name=\"subcategory\" id=\"subcategory\" onchange=\"javascript: dynamicdropdownone(this.options[this.selectedIndex].value);\"><option value=\"\">Please Select a Dealer<\/option><\/select>')\n            <\/script><\/p><\/div>\n<div class=\"sub_subcategory_div\" id=\"sub_subcategory_div\">\n            <script type=\"text\/javascript\" language=\"JavaScript\">\n                document.write('<select size=\"5\" multiple=\"multiple\" class=\"hiddenscroll\" scrolling=\"no\" seamless=\"seamless\" name=\"sub_subcategory\" onchange=\"javascript: urlRedirectTo(this.options[this.selectedIndex].value);\" id=\"sub_subcategory\"><option value=\"\"><\/option><\/select>')\n            <\/script><br \/>\n            <noscript><br \/>\n                <select name=\"sub_subcategory\" id=\"sub_subcategory\" ><option value=\"\">Dealer Address<\/option><\/select><br \/>\n            <\/noscript>\n        <\/div>","protected":false},"excerpt":{"rendered":"<p>Please Select a City: Please Select a CityADANAANKARAANTALYABALIKES\u0130RBURSADEN\u0130ZL\u0130GAZ\u0130ANTEPHATAY\u0130STANBUL ANADOLU\u0130STANBUL AVRUPA\u0130ZM\u0130RKAYSER\u0130KONYAMERS\u0130NTEK\u0130RDA\u011e Please Select a Dealer: Dealer Address<\/p>\n","protected":false},"author":1,"featured_media":1108,"parent":0,"menu_order":0,"comment_status":"closed","ping_status":"closed","template":"","meta":{"_acf_changed":false,"footnotes":"","_links_to":"","_links_to_target":""},"class_list":["post-377","page","type-page","status-publish","has-post-thumbnail","hentry"],"acf":[],"_links":{"self":[{"href":"https:\/\/www.asistoto.com.tr\/fr\/wp-json\/wp\/v2\/pages\/377","targetHints":{"allow":["GET"]}}],"collection":[{"href":"https:\/\/www.asistoto.com.tr\/fr\/wp-json\/wp\/v2\/pages"}],"about":[{"href":"https:\/\/www.asistoto.com.tr\/fr\/wp-json\/wp\/v2\/types\/page"}],"author":[{"embeddable":true,"href":"https:\/\/www.asistoto.com.tr\/fr\/wp-json\/wp\/v2\/users\/1"}],"replies":[{"embeddable":true,"href":"https:\/\/www.asistoto.com.tr\/fr\/wp-json\/wp\/v2\/comments?post=377"}],"version-history":[{"count":0,"href":"https:\/\/www.asistoto.com.tr\/fr\/wp-json\/wp\/v2\/pages\/377\/revisions"}],"wp:featuredmedia":[{"embeddable":true,"href":"https:\/\/www.asistoto.com.tr\/fr\/wp-json\/wp\/v2\/media\/1108"}],"wp:attachment":[{"href":"https:\/\/www.asistoto.com.tr\/fr\/wp-json\/wp\/v2\/media?parent=377"}],"curies":[{"name":"wp","href":"https:\/\/api.w.org\/{rel}","templated":true}]}}